{"id":453,"date":"2022-12-19T21:31:53","date_gmt":"2022-12-19T20:31:53","guid":{"rendered":"https:\/\/staging.mydigitalpro.net\/apack\/request-a-quote\/"},"modified":"2023-01-24T13:29:04","modified_gmt":"2023-01-24T12:29:04","slug":"request-a-quote","status":"publish","type":"page","link":"https:\/\/africanpackagingcompany.com\/en\/request-a-quote\/","title":{"rendered":"Request a Quote"},"content":{"rendered":"\t\t<div data-elementor-type=\"wp-page\" data-elementor-id=\"453\" class=\"elementor elementor-453 elementor-40\">\n\t\t\t\t\t\t<section class=\"elementor-section elementor-top-section elementor-element elementor-element-df8552f elementor-section-boxed elementor-section-height-default elementor-section-height-default\" data-id=\"df8552f\" data-element_type=\"section\" data-settings=\"{&quot;background_background&quot;:&quot;classic&quot;}\">\n\t\t\t\t\t\t<div class=\"elementor-container elementor-column-gap-default\">\n\t\t\t\t\t<div class=\"elementor-column elementor-col-100 elementor-top-column elementor-element elementor-element-159d8db\" data-id=\"159d8db\" data-element_type=\"column\">\n\t\t\t<div class=\"elementor-widget-wrap elementor-element-populated\">\n\t\t\t\t\t\t<div class=\"elementor-element elementor-element-d43ec52 elementor-widget elementor-widget-spacer\" data-id=\"d43ec52\" data-element_type=\"widget\" data-widget_type=\"spacer.default\">\n\t\t\t\t<div class=\"elementor-widget-container\">\n\t\t\t\t\t\t\t<div class=\"elementor-spacer\">\n\t\t\t<div class=\"elementor-spacer-inner\"><\/div>\n\t\t<\/div>\n\t\t\t\t\t\t<\/div>\n\t\t\t\t<\/div>\n\t\t\t\t<div class=\"elementor-element elementor-element-f0e6050 elementor-widget elementor-widget-elementskit-contact-form7\" data-id=\"f0e6050\" data-element_type=\"widget\" data-widget_type=\"elementskit-contact-form7.default\">\n\t\t\t\t<div class=\"elementor-widget-container\">\n\t\t\t\t\t<div class=\"ekit-wid-con\" ><div class=\"ekit-form\">\n<div class=\"wpcf7 no-js\" id=\"wpcf7-f493-p453-o1\" lang=\"en-US\" dir=\"ltr\" data-wpcf7-id=\"493\">\n<div class=\"screen-reader-response\"><p role=\"status\" aria-live=\"polite\" aria-atomic=\"true\"><\/p> <ul><\/ul><\/div>\n<form action=\"\/en\/request-a-quote\/#wpcf7-f493-p453-o1\" method=\"post\" class=\"wpcf7-form init\" aria-label=\"Contact form\" novalidate=\"novalidate\" data-status=\"init\">\n<fieldset class=\"hidden-fields-container\"><input type=\"hidden\" name=\"_wpcf7\" value=\"493\" \/><input type=\"hidden\" name=\"_wpcf7_version\" value=\"6.1.1\" \/><input type=\"hidden\" name=\"_wpcf7_locale\" value=\"en_US\" \/><input type=\"hidden\" name=\"_wpcf7_unit_tag\" value=\"wpcf7-f493-p453-o1\" \/><input type=\"hidden\" name=\"_wpcf7_container_post\" value=\"453\" \/><input type=\"hidden\" name=\"_wpcf7_posted_data_hash\" value=\"\" \/>\n<\/fieldset>\n<p><label> First name<br \/>\n<span class=\"wpcf7-form-control-wrap\" data-name=\"first-name\"><input size=\"40\" maxlength=\"400\" class=\"wpcf7-form-control wpcf7-text wpcf7-validates-as-required\" aria-required=\"true\" aria-invalid=\"false\" placeholder=\"Moustapha\" value=\"\" type=\"text\" name=\"first-name\" \/><\/span> <\/label>\n<\/p>\n<p><label> Last name<br \/>\n<span class=\"wpcf7-form-control-wrap\" data-name=\"last-name\"><input size=\"40\" maxlength=\"400\" class=\"wpcf7-form-control wpcf7-text wpcf7-validates-as-required\" aria-required=\"true\" aria-invalid=\"false\" placeholder=\"Fall\" value=\"\" type=\"text\" name=\"last-name\" \/><\/span> <\/label>\n<\/p>\n<p><label> Phone<br \/>\n<span class=\"wpcf7-form-control-wrap\" data-name=\"your-phone\"><input size=\"40\" maxlength=\"400\" class=\"wpcf7-form-control wpcf7-text wpcf7-validates-as-required\" aria-required=\"true\" aria-invalid=\"false\" placeholder=\"+221...\" value=\"\" type=\"text\" name=\"your-phone\" \/><\/span> <\/label>\n<\/p>\n<p><label> Your email<br \/>\n<span class=\"wpcf7-form-control-wrap\" data-name=\"your-email\"><input size=\"40\" maxlength=\"400\" class=\"wpcf7-form-control wpcf7-email wpcf7-validates-as-required wpcf7-text wpcf7-validates-as-email\" aria-required=\"true\" aria-invalid=\"false\" placeholder=\"example@mail.com\" value=\"\" type=\"email\" name=\"your-email\" \/><\/span> <\/label>\n<\/p>\n<p><label> Products<br \/>\n<span class=\"wpcf7-form-control-wrap\" data-name=\"produit\"><select class=\"wpcf7-form-control wpcf7-select wpcf7-validates-as-required\" aria-required=\"true\" aria-invalid=\"false\" name=\"produit\"><option value=\"PP woven bag\">PP woven bag<\/option><option value=\"PP woven-laminated bag\">PP woven-laminated bag<\/option><option value=\"PP woven-double PE bag\">PP woven-double PE bag<\/option><\/select><\/span> <\/label>\n<\/p>\n<p><label> Quantity<br \/>\n<span class=\"wpcf7-form-control-wrap\" data-name=\"quantite\"><input size=\"40\" maxlength=\"400\" class=\"wpcf7-form-control wpcf7-text wpcf7-validates-as-required\" aria-required=\"true\" aria-invalid=\"false\" placeholder=\"2000\" value=\"\" type=\"text\" name=\"quantite\" \/><\/span> <\/label>\n<\/p>\n<div class=\"btn-submit\">\n\t<p><input class=\"wpcf7-form-control wpcf7-submit has-spinner\" type=\"submit\" value=\"I request a quote\" \/>\n\t<\/p>\n<\/div><div class=\"wpcf7-response-output\" aria-hidden=\"true\"><\/div>\n<\/form>\n<\/div>\n<\/div><\/div>\t\t\t\t<\/div>\n\t\t\t\t<\/div>\n\t\t\t\t<div class=\"elementor-element elementor-element-144b550 elementor-widget elementor-widget-spacer\" data-id=\"144b550\" data-element_type=\"widget\" data-widget_type=\"spacer.default\">\n\t\t\t\t<div class=\"elementor-widget-container\">\n\t\t\t\t\t\t\t<div class=\"elementor-spacer\">\n\t\t\t<div class=\"elementor-spacer-inner\"><\/div>\n\t\t<\/div>\n\t\t\t\t\t\t<\/div>\n\t\t\t\t<\/div>\n\t\t\t\t\t<\/div>\n\t\t<\/div>\n\t\t\t\t\t<\/div>\n\t\t<\/section>\n\t\t\t\t<\/div>\n\t\t","protected":false},"excerpt":{"rendered":"<p>Pr\u00e9nom Nom T\u00e9l\u00e9phone Votre e-mail Produits Sac PP tiss\u00e9Sac PP tiss\u00e9-lamin\u00e9Sac PP tiss\u00e9-double de PE Quantit\u00e9<\/p>\n","protected":false},"author":1,"featured_media":0,"parent":0,"menu_order":0,"comment_status":"closed","ping_status":"closed","template":"","meta":{"_acf_changed":false,"footnotes":""},"class_list":["post-453","page","type-page","status-publish","hentry"],"acf":[],"yoast_head":"<!-- This site is optimized with the Yoast SEO plugin v26.0 - https:\/\/yoast.com\/wordpress\/plugins\/seo\/ -->\n<title>Request a Quote - African Packaging Company<\/title>\n<meta name=\"robots\" content=\"noindex, follow, max-snippet:-1, max-image-preview:large, max-video-preview:-1\" \/>\n<meta property=\"og:locale\" content=\"en_US\" \/>\n<meta property=\"og:type\" content=\"article\" \/>\n<meta property=\"og:title\" content=\"Request a Quote - African Packaging Company\" \/>\n<meta property=\"og:description\" content=\"Pr\u00e9nom Nom T\u00e9l\u00e9phone Votre e-mail Produits Sac PP tiss\u00e9Sac PP tiss\u00e9-lamin\u00e9Sac PP tiss\u00e9-double de PE Quantit\u00e9\" \/>\n<meta property=\"og:url\" content=\"https:\/\/africanpackagingcompany.com\/demandez-un-devis\/\" \/>\n<meta property=\"og:site_name\" content=\"African Packaging Company\" \/>\n<meta property=\"article:modified_time\" content=\"2023-01-24T12:29:04+00:00\" \/>\n<meta name=\"twitter:card\" content=\"summary_large_image\" \/>\n<script type=\"application\/ld+json\" class=\"yoast-schema-graph\">{\"@context\":\"https:\/\/schema.org\",\"@graph\":[{\"@type\":\"WebPage\",\"@id\":\"https:\/\/africanpackagingcompany.com\/demandez-un-devis\/\",\"url\":\"https:\/\/africanpackagingcompany.com\/demandez-un-devis\/\",\"name\":\"Request a Quote - African Packaging Company\",\"isPartOf\":{\"@id\":\"https:\/\/africanpackagingcompany.com\/#website\"},\"datePublished\":\"2022-12-19T20:31:53+00:00\",\"dateModified\":\"2023-01-24T12:29:04+00:00\",\"breadcrumb\":{\"@id\":\"https:\/\/africanpackagingcompany.com\/demandez-un-devis\/#breadcrumb\"},\"inLanguage\":\"en-US\",\"potentialAction\":[{\"@type\":\"ReadAction\",\"target\":[\"https:\/\/africanpackagingcompany.com\/demandez-un-devis\/\"]}]},{\"@type\":\"BreadcrumbList\",\"@id\":\"https:\/\/africanpackagingcompany.com\/demandez-un-devis\/#breadcrumb\",\"itemListElement\":[{\"@type\":\"ListItem\",\"position\":1,\"name\":\"Accueil\",\"item\":\"https:\/\/africanpackagingcompany.com\/en\/\"},{\"@type\":\"ListItem\",\"position\":2,\"name\":\"Request a Quote\"}]},{\"@type\":\"WebSite\",\"@id\":\"https:\/\/africanpackagingcompany.com\/#website\",\"url\":\"https:\/\/africanpackagingcompany.com\/\",\"name\":\"African Packaging Company\",\"description\":\"Packaging manufacturing is our business\",\"publisher\":{\"@id\":\"https:\/\/africanpackagingcompany.com\/#organization\"},\"potentialAction\":[{\"@type\":\"SearchAction\",\"target\":{\"@type\":\"EntryPoint\",\"urlTemplate\":\"https:\/\/africanpackagingcompany.com\/?s={search_term_string}\"},\"query-input\":{\"@type\":\"PropertyValueSpecification\",\"valueRequired\":true,\"valueName\":\"search_term_string\"}}],\"inLanguage\":\"en-US\"},{\"@type\":\"Organization\",\"@id\":\"https:\/\/africanpackagingcompany.com\/#organization\",\"name\":\"African Packaging Company\",\"url\":\"https:\/\/africanpackagingcompany.com\/\",\"logo\":{\"@type\":\"ImageObject\",\"inLanguage\":\"en-US\",\"@id\":\"https:\/\/africanpackagingcompany.com\/#\/schema\/logo\/image\/\",\"url\":\"https:\/\/africanpackagingcompany.com\/wp-content\/uploads\/2022\/12\/cropped-logo-apack.png\",\"contentUrl\":\"https:\/\/africanpackagingcompany.com\/wp-content\/uploads\/2022\/12\/cropped-logo-apack.png\",\"width\":519,\"height\":184,\"caption\":\"African Packaging Company\"},\"image\":{\"@id\":\"https:\/\/africanpackagingcompany.com\/#\/schema\/logo\/image\/\"},\"sameAs\":[\"https:\/\/www.linkedin.com\/company\/african-packaging-company-apack\/?viewAsMember=true\"]}]}<\/script>\n<!-- \/ Yoast SEO plugin. -->","yoast_head_json":{"title":"Request a Quote - African Packaging Company","robots":{"index":"noindex","follow":"follow","max-snippet":"max-snippet:-1","max-image-preview":"max-image-preview:large","max-video-preview":"max-video-preview:-1"},"og_locale":"en_US","og_type":"article","og_title":"Request a Quote - African Packaging Company","og_description":"Pr\u00e9nom Nom T\u00e9l\u00e9phone Votre e-mail Produits Sac PP tiss\u00e9Sac PP tiss\u00e9-lamin\u00e9Sac PP tiss\u00e9-double de PE Quantit\u00e9","og_url":"https:\/\/africanpackagingcompany.com\/demandez-un-devis\/","og_site_name":"African Packaging Company","article_modified_time":"2023-01-24T12:29:04+00:00","twitter_card":"summary_large_image","schema":{"@context":"https:\/\/schema.org","@graph":[{"@type":"WebPage","@id":"https:\/\/africanpackagingcompany.com\/demandez-un-devis\/","url":"https:\/\/africanpackagingcompany.com\/demandez-un-devis\/","name":"Request a Quote - African Packaging Company","isPartOf":{"@id":"https:\/\/africanpackagingcompany.com\/#website"},"datePublished":"2022-12-19T20:31:53+00:00","dateModified":"2023-01-24T12:29:04+00:00","breadcrumb":{"@id":"https:\/\/africanpackagingcompany.com\/demandez-un-devis\/#breadcrumb"},"inLanguage":"en-US","potentialAction":[{"@type":"ReadAction","target":["https:\/\/africanpackagingcompany.com\/demandez-un-devis\/"]}]},{"@type":"BreadcrumbList","@id":"https:\/\/africanpackagingcompany.com\/demandez-un-devis\/#breadcrumb","itemListElement":[{"@type":"ListItem","position":1,"name":"Accueil","item":"https:\/\/africanpackagingcompany.com\/en\/"},{"@type":"ListItem","position":2,"name":"Request a Quote"}]},{"@type":"WebSite","@id":"https:\/\/africanpackagingcompany.com\/#website","url":"https:\/\/africanpackagingcompany.com\/","name":"African Packaging Company","description":"Packaging manufacturing is our business","publisher":{"@id":"https:\/\/africanpackagingcompany.com\/#organization"},"potentialAction":[{"@type":"SearchAction","target":{"@type":"EntryPoint","urlTemplate":"https:\/\/africanpackagingcompany.com\/?s={search_term_string}"},"query-input":{"@type":"PropertyValueSpecification","valueRequired":true,"valueName":"search_term_string"}}],"inLanguage":"en-US"},{"@type":"Organization","@id":"https:\/\/africanpackagingcompany.com\/#organization","name":"African Packaging Company","url":"https:\/\/africanpackagingcompany.com\/","logo":{"@type":"ImageObject","inLanguage":"en-US","@id":"https:\/\/africanpackagingcompany.com\/#\/schema\/logo\/image\/","url":"https:\/\/africanpackagingcompany.com\/wp-content\/uploads\/2022\/12\/cropped-logo-apack.png","contentUrl":"https:\/\/africanpackagingcompany.com\/wp-content\/uploads\/2022\/12\/cropped-logo-apack.png","width":519,"height":184,"caption":"African Packaging Company"},"image":{"@id":"https:\/\/africanpackagingcompany.com\/#\/schema\/logo\/image\/"},"sameAs":["https:\/\/www.linkedin.com\/company\/african-packaging-company-apack\/?viewAsMember=true"]}]}},"_hostinger_reach_plugin_has_subscription_block":false,"_hostinger_reach_plugin_is_elementor":false,"_links":{"self":[{"href":"https:\/\/africanpackagingcompany.com\/en\/wp-json\/wp\/v2\/pages\/453","targetHints":{"allow":["GET"]}}],"collection":[{"href":"https:\/\/africanpackagingcompany.com\/en\/wp-json\/wp\/v2\/pages"}],"about":[{"href":"https:\/\/africanpackagingcompany.com\/en\/wp-json\/wp\/v2\/types\/page"}],"author":[{"embeddable":true,"href":"https:\/\/africanpackagingcompany.com\/en\/wp-json\/wp\/v2\/users\/1"}],"replies":[{"embeddable":true,"href":"https:\/\/africanpackagingcompany.com\/en\/wp-json\/wp\/v2\/comments?post=453"}],"version-history":[{"count":4,"href":"https:\/\/africanpackagingcompany.com\/en\/wp-json\/wp\/v2\/pages\/453\/revisions"}],"predecessor-version":[{"id":497,"href":"https:\/\/africanpackagingcompany.com\/en\/wp-json\/wp\/v2\/pages\/453\/revisions\/497"}],"wp:attachment":[{"href":"https:\/\/africanpackagingcompany.com\/en\/wp-json\/wp\/v2\/media?parent=453"}],"curies":[{"name":"wp","href":"https:\/\/api.w.org\/{rel}","templated":true}]}}