{"id":461,"date":"2022-12-19T20:48:20","date_gmt":"2022-12-19T19:48:20","guid":{"rendered":"https:\/\/staging.mydigitalpro.net\/apack\/references\/"},"modified":"2023-01-26T17:49:38","modified_gmt":"2023-01-26T16:49:38","slug":"references","status":"publish","type":"page","link":"https:\/\/africanpackagingcompany.com\/en\/references\/","title":{"rendered":"References"},"content":{"rendered":"\t\t<div data-elementor-type=\"wp-page\" data-elementor-id=\"461\" class=\"elementor elementor-461 elementor-18\">\n\t\t\t\t\t\t<section class=\"elementor-section elementor-top-section elementor-element elementor-element-c45a8ef elementor-section-height-min-height elementor-section-boxed elementor-section-height-default elementor-section-items-middle\" data-id=\"c45a8ef\" data-element_type=\"section\" data-settings=\"{&quot;background_background&quot;:&quot;classic&quot;}\">\n\t\t\t\t\t\t<div class=\"elementor-container elementor-column-gap-default\">\n\t\t\t\t\t<div class=\"elementor-column elementor-col-100 elementor-top-column elementor-element elementor-element-e7b232a\" data-id=\"e7b232a\" data-element_type=\"column\">\n\t\t\t<div class=\"elementor-widget-wrap elementor-element-populated\">\n\t\t\t\t\t\t<div class=\"elementor-element elementor-element-9a4fd3c elementor-widget elementor-widget-heading\" data-id=\"9a4fd3c\" data-element_type=\"widget\" data-widget_type=\"heading.default\">\n\t\t\t\t<div class=\"elementor-widget-container\">\n\t\t\t\t\t<h1 class=\"elementor-heading-title elementor-size-default\">Our references<\/h1>\t\t\t\t<\/div>\n\t\t\t\t<\/div>\n\t\t\t\t\t<\/div>\n\t\t<\/div>\n\t\t\t\t\t<\/div>\n\t\t<\/section>\n\t\t\t\t<section class=\"elementor-section elementor-top-section elementor-element elementor-element-f1bc191 elementor-section-boxed elementor-section-height-default elementor-section-height-default\" data-id=\"f1bc191\" data-element_type=\"section\" id=\"references\" data-settings=\"{&quot;background_background&quot;:&quot;classic&quot;}\">\n\t\t\t\t\t\t<div class=\"elementor-container elementor-column-gap-default\">\n\t\t\t\t\t<div class=\"elementor-column elementor-col-100 elementor-top-column elementor-element elementor-element-7b27a87\" data-id=\"7b27a87\" data-element_type=\"column\">\n\t\t\t<div class=\"elementor-widget-wrap elementor-element-populated\">\n\t\t\t\t\t\t<section class=\"elementor-section elementor-inner-section elementor-element elementor-element-c230d0b elementor-section-boxed elementor-section-height-default elementor-section-height-default\" data-id=\"c230d0b\" data-element_type=\"section\">\n\t\t\t\t\t\t<div class=\"elementor-container elementor-column-gap-default\">\n\t\t\t\t\t<div class=\"elementor-column elementor-col-25 elementor-inner-column elementor-element elementor-element-e0f4eaa\" data-id=\"e0f4eaa\" data-element_type=\"column\" data-settings=\"{&quot;background_background&quot;:&quot;classic&quot;}\">\n\t\t\t<div class=\"elementor-widget-wrap elementor-element-populated\">\n\t\t\t\t\t\t<div class=\"elementor-element elementor-element-70b05f4 elementor-widget elementor-widget-image\" data-id=\"70b05f4\" data-element_type=\"widget\" data-widget_type=\"image.default\">\n\t\t\t\t<div class=\"elementor-widget-container\">\n\t\t\t\t\t\t\t\t\t\t\t\t\t\t\t\t<a href=\"https:\/\/simsenegal.com\/fr\/partner\/ste-senegalaise\/\" target=\"_blank\">\n\t\t\t\t\t\t\t<img decoding=\"async\" width=\"304\" height=\"144\" src=\"https:\/\/africanpackagingcompany.com\/wp-content\/uploads\/2022\/12\/logo-sspt.png\" class=\"attachment-full size-full wp-image-426\" alt=\"\" srcset=\"https:\/\/africanpackagingcompany.com\/wp-content\/uploads\/2022\/12\/logo-sspt.png 304w, https:\/\/africanpackagingcompany.com\/wp-content\/uploads\/2022\/12\/logo-sspt-300x142.png 300w\" sizes=\"(max-width: 304px) 100vw, 304px\" \/>\t\t\t\t\t\t\t\t<\/a>\n\t\t\t\t\t\t\t\t\t\t\t\t\t\t\t<\/div>\n\t\t\t\t<\/div>\n\t\t\t\t<div class=\"elementor-element elementor-element-2728142 elementor-widget elementor-widget-heading\" data-id=\"2728142\" data-element_type=\"widget\" data-widget_type=\"heading.default\">\n\t\t\t\t<div class=\"elementor-widget-container\">\n\t\t\t\t\t<h6 class=\"elementor-heading-title elementor-size-default\"><a href=\"https:\/\/simsenegal.com\/fr\/partner\/ste-senegalaise\/\" target=\"_blank\">Soci\u00e9t\u00e9 s\u00e9n\u00e9galaise des phosphates de Thi\u00e8s<\/a><\/h6>\t\t\t\t<\/div>\n\t\t\t\t<\/div>\n\t\t\t\t\t<\/div>\n\t\t<\/div>\n\t\t\t\t<div class=\"elementor-column elementor-col-25 elementor-inner-column elementor-element elementor-element-c38412e\" data-id=\"c38412e\" data-element_type=\"column\" data-settings=\"{&quot;background_background&quot;:&quot;classic&quot;}\">\n\t\t\t<div class=\"elementor-widget-wrap elementor-element-populated\">\n\t\t\t\t\t\t<div class=\"elementor-element elementor-element-ca13a94 elementor-widget elementor-widget-image\" data-id=\"ca13a94\" data-element_type=\"widget\" data-widget_type=\"image.default\">\n\t\t\t\t<div class=\"elementor-widget-container\">\n\t\t\t\t\t\t\t\t\t\t\t\t\t\t\t\t<a href=\"https:\/\/www.salins.com\/\" target=\"_blank\">\n\t\t\t\t\t\t\t<img decoding=\"async\" width=\"140\" height=\"136\" src=\"https:\/\/africanpackagingcompany.com\/wp-content\/uploads\/2022\/12\/logo-Salins.png\" class=\"attachment-full size-full wp-image-427\" alt=\"\" \/>\t\t\t\t\t\t\t\t<\/a>\n\t\t\t\t\t\t\t\t\t\t\t\t\t\t\t<\/div>\n\t\t\t\t<\/div>\n\t\t\t\t<div class=\"elementor-element elementor-element-2f131b5 elementor-widget elementor-widget-heading\" data-id=\"2f131b5\" data-element_type=\"widget\" data-widget_type=\"heading.default\">\n\t\t\t\t<div class=\"elementor-widget-container\">\n\t\t\t\t\t<h6 class=\"elementor-heading-title elementor-size-default\"><a href=\"https:\/\/www.salins.com\/\" target=\"_blank\">Salins<br><br><\/a><\/h6>\t\t\t\t<\/div>\n\t\t\t\t<\/div>\n\t\t\t\t\t<\/div>\n\t\t<\/div>\n\t\t\t\t<div class=\"elementor-column elementor-col-25 elementor-inner-column elementor-element elementor-element-d10ca7a\" data-id=\"d10ca7a\" data-element_type=\"column\" data-settings=\"{&quot;background_background&quot;:&quot;classic&quot;}\">\n\t\t\t<div class=\"elementor-widget-wrap elementor-element-populated\">\n\t\t\t\t\t\t<div class=\"elementor-element elementor-element-3805286 elementor-widget elementor-widget-image\" data-id=\"3805286\" data-element_type=\"widget\" data-widget_type=\"image.default\">\n\t\t\t\t<div class=\"elementor-widget-container\">\n\t\t\t\t\t\t\t\t\t\t\t\t\t\t\t\t<a href=\"http:\/\/sedima.com\/\" target=\"_blank\">\n\t\t\t\t\t\t\t<img decoding=\"async\" width=\"290\" height=\"148\" src=\"https:\/\/africanpackagingcompany.com\/wp-content\/uploads\/2022\/12\/logo-sedima.png\" class=\"attachment-full size-full wp-image-425\" alt=\"\" \/>\t\t\t\t\t\t\t\t<\/a>\n\t\t\t\t\t\t\t\t\t\t\t\t\t\t\t<\/div>\n\t\t\t\t<\/div>\n\t\t\t\t<div class=\"elementor-element elementor-element-34a6b00 elementor-widget elementor-widget-heading\" data-id=\"34a6b00\" data-element_type=\"widget\" data-widget_type=\"heading.default\">\n\t\t\t\t<div class=\"elementor-widget-container\">\n\t\t\t\t\t<h6 class=\"elementor-heading-title elementor-size-default\"><a href=\"http:\/\/sedima.com\/\" target=\"_blank\">Sedima Group<br><br><\/a><\/h6>\t\t\t\t<\/div>\n\t\t\t\t<\/div>\n\t\t\t\t\t<\/div>\n\t\t<\/div>\n\t\t\t\t<div class=\"elementor-column elementor-col-25 elementor-inner-column elementor-element elementor-element-0efdd79\" data-id=\"0efdd79\" data-element_type=\"column\" data-settings=\"{&quot;background_background&quot;:&quot;classic&quot;}\">\n\t\t\t<div class=\"elementor-widget-wrap elementor-element-populated\">\n\t\t\t\t\t\t<div class=\"elementor-element elementor-element-5ca8adb elementor-widget elementor-widget-image\" data-id=\"5ca8adb\" data-element_type=\"widget\" data-widget_type=\"image.default\">\n\t\t\t\t<div class=\"elementor-widget-container\">\n\t\t\t\t\t\t\t\t\t\t\t\t\t\t\t\t<a href=\"https:\/\/nmasanders.com\/\" target=\"_blank\">\n\t\t\t\t\t\t\t<img loading=\"lazy\" decoding=\"async\" width=\"332\" height=\"152\" src=\"https:\/\/africanpackagingcompany.com\/wp-content\/uploads\/2022\/12\/logo-nma.png\" class=\"attachment-full size-full wp-image-423\" alt=\"\" srcset=\"https:\/\/africanpackagingcompany.com\/wp-content\/uploads\/2022\/12\/logo-nma.png 332w, https:\/\/africanpackagingcompany.com\/wp-content\/uploads\/2022\/12\/logo-nma-300x137.png 300w\" sizes=\"(max-width: 332px) 100vw, 332px\" \/>\t\t\t\t\t\t\t\t<\/a>\n\t\t\t\t\t\t\t\t\t\t\t\t\t\t\t<\/div>\n\t\t\t\t<\/div>\n\t\t\t\t<div class=\"elementor-element elementor-element-b9a90d8 elementor-widget elementor-widget-heading\" data-id=\"b9a90d8\" data-element_type=\"widget\" data-widget_type=\"heading.default\">\n\t\t\t\t<div class=\"elementor-widget-container\">\n\t\t\t\t\t<h6 class=\"elementor-heading-title elementor-size-default\"><a href=\"https:\/\/nmasanders.com\/\" target=\"_blank\">Nouvelle Minoterie<br> Africaine<\/a><\/h6>\t\t\t\t<\/div>\n\t\t\t\t<\/div>\n\t\t\t\t\t<\/div>\n\t\t<\/div>\n\t\t\t\t\t<\/div>\n\t\t<\/section>\n\t\t\t\t<section class=\"elementor-section elementor-inner-section elementor-element elementor-element-905a99c elementor-section-boxed elementor-section-height-default elementor-section-height-default\" data-id=\"905a99c\" data-element_type=\"section\">\n\t\t\t\t\t\t<div class=\"elementor-container elementor-column-gap-default\">\n\t\t\t\t\t<div class=\"elementor-column elementor-col-25 elementor-inner-column elementor-element elementor-element-c94fb36\" data-id=\"c94fb36\" data-element_type=\"column\" data-settings=\"{&quot;background_background&quot;:&quot;classic&quot;}\">\n\t\t\t<div class=\"elementor-widget-wrap elementor-element-populated\">\n\t\t\t\t\t\t<div class=\"elementor-element elementor-element-15c33f7 elementor-widget elementor-widget-image\" data-id=\"15c33f7\" data-element_type=\"widget\" data-widget_type=\"image.default\">\n\t\t\t\t<div class=\"elementor-widget-container\">\n\t\t\t\t\t\t\t\t\t\t\t\t\t\t\t\t<a href=\"https:\/\/www.ocpafrica.com\/fr\" target=\"_blank\">\n\t\t\t\t\t\t\t<img loading=\"lazy\" decoding=\"async\" width=\"118\" height=\"160\" src=\"https:\/\/africanpackagingcompany.com\/wp-content\/uploads\/2022\/12\/logo-ocp.png\" class=\"attachment-full size-full wp-image-424\" alt=\"\" \/>\t\t\t\t\t\t\t\t<\/a>\n\t\t\t\t\t\t\t\t\t\t\t\t\t\t\t<\/div>\n\t\t\t\t<\/div>\n\t\t\t\t<div class=\"elementor-element elementor-element-e2a1165 elementor-widget elementor-widget-heading\" data-id=\"e2a1165\" data-element_type=\"widget\" data-widget_type=\"heading.default\">\n\t\t\t\t<div class=\"elementor-widget-container\">\n\t\t\t\t\t<h6 class=\"elementor-heading-title elementor-size-default\"><a href=\"https:\/\/www.ocpafrica.com\/fr\">OCP Africa<br><br><\/a><\/h6>\t\t\t\t<\/div>\n\t\t\t\t<\/div>\n\t\t\t\t\t<\/div>\n\t\t<\/div>\n\t\t\t\t<div class=\"elementor-column elementor-col-25 elementor-inner-column elementor-element elementor-element-a07006c\" data-id=\"a07006c\" data-element_type=\"column\" data-settings=\"{&quot;background_background&quot;:&quot;classic&quot;}\">\n\t\t\t<div class=\"elementor-widget-wrap elementor-element-populated\">\n\t\t\t\t\t\t<div class=\"elementor-element elementor-element-c624db6 elementor-widget elementor-widget-image\" data-id=\"c624db6\" data-element_type=\"widget\" data-widget_type=\"image.default\">\n\t\t\t\t<div class=\"elementor-widget-container\">\n\t\t\t\t\t\t\t\t\t\t\t\t\t\t\t<img loading=\"lazy\" decoding=\"async\" width=\"336\" height=\"172\" src=\"https:\/\/africanpackagingcompany.com\/wp-content\/uploads\/2022\/12\/logo-avi-senegal.png\" class=\"attachment-full size-full wp-image-422\" alt=\"\" srcset=\"https:\/\/africanpackagingcompany.com\/wp-content\/uploads\/2022\/12\/logo-avi-senegal.png 336w, https:\/\/africanpackagingcompany.com\/wp-content\/uploads\/2022\/12\/logo-avi-senegal-300x154.png 300w\" sizes=\"(max-width: 336px) 100vw, 336px\" \/>\t\t\t\t\t\t\t\t\t\t\t\t\t\t\t<\/div>\n\t\t\t\t<\/div>\n\t\t\t\t<div class=\"elementor-element elementor-element-b4f75f6 elementor-widget elementor-widget-heading\" data-id=\"b4f75f6\" data-element_type=\"widget\" data-widget_type=\"heading.default\">\n\t\t\t\t<div class=\"elementor-widget-container\">\n\t\t\t\t\t<h6 class=\"elementor-heading-title elementor-size-default\">Avi Senegal<br><br><\/h6>\t\t\t\t<\/div>\n\t\t\t\t<\/div>\n\t\t\t\t\t<\/div>\n\t\t<\/div>\n\t\t\t\t<div class=\"elementor-column elementor-col-25 elementor-inner-column elementor-element elementor-element-b37a838\" data-id=\"b37a838\" data-element_type=\"column\">\n\t\t\t<div class=\"elementor-widget-wrap\">\n\t\t\t\t\t\t\t<\/div>\n\t\t<\/div>\n\t\t\t\t<div class=\"elementor-column elementor-col-25 elementor-inner-column elementor-element elementor-element-9e102b5\" data-id=\"9e102b5\" data-element_type=\"column\">\n\t\t\t<div class=\"elementor-widget-wrap\">\n\t\t\t\t\t\t\t<\/div>\n\t\t<\/div>\n\t\t\t\t\t<\/div>\n\t\t<\/section>\n\t\t\t\t\t<\/div>\n\t\t<\/div>\n\t\t\t\t\t<\/div>\n\t\t<\/section>\n\t\t\t\t<\/div>\n\t\t","protected":false},"excerpt":{"rendered":"<p>Our references Soci\u00e9t\u00e9 s\u00e9n\u00e9galaise des phosphates de Thi\u00e8s Salins Sedima Group Nouvelle Minoterie Africaine OCP Africa Avi Senegal<\/p>\n","protected":false},"author":1,"featured_media":0,"parent":0,"menu_order":4,"comment_status":"closed","ping_status":"closed","template":"","meta":{"_acf_changed":false,"footnotes":""},"class_list":["post-461","page","type-page","status-publish","hentry"],"acf":[],"yoast_head":"<!-- This site is optimized with the Yoast SEO plugin v26.0 - https:\/\/yoast.com\/wordpress\/plugins\/seo\/ -->\n<title>References - African Packaging Company<\/title>\n<meta name=\"robots\" content=\"noindex, follow, max-snippet:-1, max-image-preview:large, max-video-preview:-1\" \/>\n<meta property=\"og:locale\" content=\"en_US\" \/>\n<meta property=\"og:type\" content=\"article\" \/>\n<meta property=\"og:title\" content=\"References - African Packaging Company\" \/>\n<meta property=\"og:description\" content=\"Our references Soci\u00e9t\u00e9 s\u00e9n\u00e9galaise des phosphates de Thi\u00e8s Salins Sedima Group Nouvelle Minoterie Africaine OCP Africa Avi Senegal\" \/>\n<meta property=\"og:url\" content=\"https:\/\/africanpackagingcompany.com\/references\/\" \/>\n<meta property=\"og:site_name\" content=\"African Packaging Company\" \/>\n<meta property=\"article:modified_time\" content=\"2023-01-26T16:49:38+00:00\" \/>\n<meta property=\"og:image\" content=\"http:\/\/staging.mydigitalpro.net\/apack\/wp-content\/uploads\/2022\/12\/logo-sspt.png\" \/>\n<meta name=\"twitter:card\" content=\"summary_large_image\" \/>\n<script type=\"application\/ld+json\" class=\"yoast-schema-graph\">{\"@context\":\"https:\/\/schema.org\",\"@graph\":[{\"@type\":\"WebPage\",\"@id\":\"https:\/\/africanpackagingcompany.com\/references\/\",\"url\":\"https:\/\/africanpackagingcompany.com\/references\/\",\"name\":\"References - African Packaging Company\",\"isPartOf\":{\"@id\":\"https:\/\/africanpackagingcompany.com\/#website\"},\"primaryImageOfPage\":{\"@id\":\"https:\/\/africanpackagingcompany.com\/references\/#primaryimage\"},\"image\":{\"@id\":\"https:\/\/africanpackagingcompany.com\/references\/#primaryimage\"},\"thumbnailUrl\":\"http:\/\/staging.mydigitalpro.net\/apack\/wp-content\/uploads\/2022\/12\/logo-sspt.png\",\"datePublished\":\"2022-12-19T19:48:20+00:00\",\"dateModified\":\"2023-01-26T16:49:38+00:00\",\"breadcrumb\":{\"@id\":\"https:\/\/africanpackagingcompany.com\/references\/#breadcrumb\"},\"inLanguage\":\"en-US\",\"potentialAction\":[{\"@type\":\"ReadAction\",\"target\":[\"https:\/\/africanpackagingcompany.com\/references\/\"]}]},{\"@type\":\"ImageObject\",\"inLanguage\":\"en-US\",\"@id\":\"https:\/\/africanpackagingcompany.com\/references\/#primaryimage\",\"url\":\"http:\/\/staging.mydigitalpro.net\/apack\/wp-content\/uploads\/2022\/12\/logo-sspt.png\",\"contentUrl\":\"http:\/\/staging.mydigitalpro.net\/apack\/wp-content\/uploads\/2022\/12\/logo-sspt.png\"},{\"@type\":\"BreadcrumbList\",\"@id\":\"https:\/\/africanpackagingcompany.com\/references\/#breadcrumb\",\"itemListElement\":[{\"@type\":\"ListItem\",\"position\":1,\"name\":\"Accueil\",\"item\":\"https:\/\/africanpackagingcompany.com\/en\/\"},{\"@type\":\"ListItem\",\"position\":2,\"name\":\"References\"}]},{\"@type\":\"WebSite\",\"@id\":\"https:\/\/africanpackagingcompany.com\/#website\",\"url\":\"https:\/\/africanpackagingcompany.com\/\",\"name\":\"African Packaging Company\",\"description\":\"Packaging manufacturing is our business\",\"publisher\":{\"@id\":\"https:\/\/africanpackagingcompany.com\/#organization\"},\"potentialAction\":[{\"@type\":\"SearchAction\",\"target\":{\"@type\":\"EntryPoint\",\"urlTemplate\":\"https:\/\/africanpackagingcompany.com\/?s={search_term_string}\"},\"query-input\":{\"@type\":\"PropertyValueSpecification\",\"valueRequired\":true,\"valueName\":\"search_term_string\"}}],\"inLanguage\":\"en-US\"},{\"@type\":\"Organization\",\"@id\":\"https:\/\/africanpackagingcompany.com\/#organization\",\"name\":\"African Packaging Company\",\"url\":\"https:\/\/africanpackagingcompany.com\/\",\"logo\":{\"@type\":\"ImageObject\",\"inLanguage\":\"en-US\",\"@id\":\"https:\/\/africanpackagingcompany.com\/#\/schema\/logo\/image\/\",\"url\":\"https:\/\/africanpackagingcompany.com\/wp-content\/uploads\/2022\/12\/cropped-logo-apack.png\",\"contentUrl\":\"https:\/\/africanpackagingcompany.com\/wp-content\/uploads\/2022\/12\/cropped-logo-apack.png\",\"width\":519,\"height\":184,\"caption\":\"African Packaging Company\"},\"image\":{\"@id\":\"https:\/\/africanpackagingcompany.com\/#\/schema\/logo\/image\/\"},\"sameAs\":[\"https:\/\/www.linkedin.com\/company\/african-packaging-company-apack\/?viewAsMember=true\"]}]}<\/script>\n<!-- \/ Yoast SEO plugin. -->","yoast_head_json":{"title":"References - African Packaging Company","robots":{"index":"noindex","follow":"follow","max-snippet":"max-snippet:-1","max-image-preview":"max-image-preview:large","max-video-preview":"max-video-preview:-1"},"og_locale":"en_US","og_type":"article","og_title":"References - African Packaging Company","og_description":"Our references Soci\u00e9t\u00e9 s\u00e9n\u00e9galaise des phosphates de Thi\u00e8s Salins Sedima Group Nouvelle Minoterie Africaine OCP Africa Avi Senegal","og_url":"https:\/\/africanpackagingcompany.com\/references\/","og_site_name":"African Packaging Company","article_modified_time":"2023-01-26T16:49:38+00:00","og_image":[{"url":"http:\/\/staging.mydigitalpro.net\/apack\/wp-content\/uploads\/2022\/12\/logo-sspt.png","type":"","width":"","height":""}],"twitter_card":"summary_large_image","schema":{"@context":"https:\/\/schema.org","@graph":[{"@type":"WebPage","@id":"https:\/\/africanpackagingcompany.com\/references\/","url":"https:\/\/africanpackagingcompany.com\/references\/","name":"References - African Packaging Company","isPartOf":{"@id":"https:\/\/africanpackagingcompany.com\/#website"},"primaryImageOfPage":{"@id":"https:\/\/africanpackagingcompany.com\/references\/#primaryimage"},"image":{"@id":"https:\/\/africanpackagingcompany.com\/references\/#primaryimage"},"thumbnailUrl":"http:\/\/staging.mydigitalpro.net\/apack\/wp-content\/uploads\/2022\/12\/logo-sspt.png","datePublished":"2022-12-19T19:48:20+00:00","dateModified":"2023-01-26T16:49:38+00:00","breadcrumb":{"@id":"https:\/\/africanpackagingcompany.com\/references\/#breadcrumb"},"inLanguage":"en-US","potentialAction":[{"@type":"ReadAction","target":["https:\/\/africanpackagingcompany.com\/references\/"]}]},{"@type":"ImageObject","inLanguage":"en-US","@id":"https:\/\/africanpackagingcompany.com\/references\/#primaryimage","url":"http:\/\/staging.mydigitalpro.net\/apack\/wp-content\/uploads\/2022\/12\/logo-sspt.png","contentUrl":"http:\/\/staging.mydigitalpro.net\/apack\/wp-content\/uploads\/2022\/12\/logo-sspt.png"},{"@type":"BreadcrumbList","@id":"https:\/\/africanpackagingcompany.com\/references\/#breadcrumb","itemListElement":[{"@type":"ListItem","position":1,"name":"Accueil","item":"https:\/\/africanpackagingcompany.com\/en\/"},{"@type":"ListItem","position":2,"name":"References"}]},{"@type":"WebSite","@id":"https:\/\/africanpackagingcompany.com\/#website","url":"https:\/\/africanpackagingcompany.com\/","name":"African Packaging Company","description":"Packaging manufacturing is our business","publisher":{"@id":"https:\/\/africanpackagingcompany.com\/#organization"},"potentialAction":[{"@type":"SearchAction","target":{"@type":"EntryPoint","urlTemplate":"https:\/\/africanpackagingcompany.com\/?s={search_term_string}"},"query-input":{"@type":"PropertyValueSpecification","valueRequired":true,"valueName":"search_term_string"}}],"inLanguage":"en-US"},{"@type":"Organization","@id":"https:\/\/africanpackagingcompany.com\/#organization","name":"African Packaging Company","url":"https:\/\/africanpackagingcompany.com\/","logo":{"@type":"ImageObject","inLanguage":"en-US","@id":"https:\/\/africanpackagingcompany.com\/#\/schema\/logo\/image\/","url":"https:\/\/africanpackagingcompany.com\/wp-content\/uploads\/2022\/12\/cropped-logo-apack.png","contentUrl":"https:\/\/africanpackagingcompany.com\/wp-content\/uploads\/2022\/12\/cropped-logo-apack.png","width":519,"height":184,"caption":"African Packaging Company"},"image":{"@id":"https:\/\/africanpackagingcompany.com\/#\/schema\/logo\/image\/"},"sameAs":["https:\/\/www.linkedin.com\/company\/african-packaging-company-apack\/?viewAsMember=true"]}]}},"_hostinger_reach_plugin_has_subscription_block":false,"_hostinger_reach_plugin_is_elementor":false,"_links":{"self":[{"href":"https:\/\/africanpackagingcompany.com\/en\/wp-json\/wp\/v2\/pages\/461","targetHints":{"allow":["GET"]}}],"collection":[{"href":"https:\/\/africanpackagingcompany.com\/en\/wp-json\/wp\/v2\/pages"}],"about":[{"href":"https:\/\/africanpackagingcompany.com\/en\/wp-json\/wp\/v2\/types\/page"}],"author":[{"embeddable":true,"href":"https:\/\/africanpackagingcompany.com\/en\/wp-json\/wp\/v2\/users\/1"}],"replies":[{"embeddable":true,"href":"https:\/\/africanpackagingcompany.com\/en\/wp-json\/wp\/v2\/comments?post=461"}],"version-history":[{"count":4,"href":"https:\/\/africanpackagingcompany.com\/en\/wp-json\/wp\/v2\/pages\/461\/revisions"}],"predecessor-version":[{"id":539,"href":"https:\/\/africanpackagingcompany.com\/en\/wp-json\/wp\/v2\/pages\/461\/revisions\/539"}],"wp:attachment":[{"href":"https:\/\/africanpackagingcompany.com\/en\/wp-json\/wp\/v2\/media?parent=461"}],"curies":[{"name":"wp","href":"https:\/\/api.w.org\/{rel}","templated":true}]}}